{"id":690,"date":"2019-12-16T14:10:54","date_gmt":"2019-12-16T14:10:54","guid":{"rendered":"http:\/\/colegiosanluis.esc.edu.ar\/?page_id=690"},"modified":"2025-10-17T14:54:49","modified_gmt":"2025-10-17T14:54:49","slug":"asociaciones","status":"publish","type":"page","link":"https:\/\/colegiosanluis.esc.edu.ar\/index.php\/asociaciones\/","title":{"rendered":"ASOCIACIONES"},"content":{"rendered":"\t\t<div data-elementor-type=\"wp-page\" data-elementor-id=\"690\" class=\"elementor elementor-690\">\n\t\t\t\t\t\t<div class=\"elementor-inner\">\n\t\t\t\t<div class=\"elementor-section-wrap\">\n\t\t\t\t\t\t\t\t\t<section class=\"elementor-section elementor-top-section elementor-element elementor-element-1afff66 elementor-section-boxed elementor-section-height-default elementor-section-height-default\" data-id=\"1afff66\" data-element_type=\"section\">\n\t\t\t\t\t\t<div class=\"elementor-container elementor-column-gap-default\">\n\t\t\t\t\t\t\t<div class=\"elementor-row\">\n\t\t\t\t\t<div class=\"aux-parallax-section elementor-column elementor-col-50 elementor-top-column elementor-element elementor-element-4b3af11\" data-id=\"4b3af11\" data-element_type=\"column\">\n\t\t\t<div class=\"elementor-column-wrap elementor-element-populated\">\n\t\t\t\t\t\t\t<div class=\"elementor-widget-wrap\">\n\t\t\t\t\t\t<div class=\"elementor-element elementor-element-7091021 elementor-widget elementor-widget-aux_modern_heading\" data-id=\"7091021\" data-element_type=\"widget\" data-widget_type=\"aux_modern_heading.default\">\n\t\t\t\t<div class=\"elementor-widget-container\">\n\t\t\t<section class=\"aux-widget-modern-heading\">\n            <div class=\"aux-widget-inner\"><h1 class=\"aux-modern-heading-primary\">PADRES<\/h1><div class=\"aux-modern-heading-divider\"><\/div><div class=\"aux-modern-heading-description\"><p>Nuestra <strong>Asociaci\u00f3n de Padres<\/strong> ocupa un lugar destacado dentro de la familia Marista, sumando fuerzas y luchando para que los padres y madres de nuestros alumnos se sigan implicando en la educaci\u00f3n de sus hijos, consolidando la obra educativa del Colegio. La asociaci\u00f3n de padres colabora estrechamente con el <strong>Proyecto Educativo Marista<\/strong> y participa activamente de todas las actividades propuestas por la instituci\u00f3n.<\/p><\/div><\/div>\n        <\/section>\t\t<\/div>\n\t\t\t\t<\/div>\n\t\t\t\t\t\t<\/div>\n\t\t\t\t\t<\/div>\n\t\t<\/div>\n\t\t\t\t<div class=\"aux-parallax-section elementor-column elementor-col-50 elementor-top-column elementor-element elementor-element-61fa6de\" data-id=\"61fa6de\" data-element_type=\"column\">\n\t\t\t<div class=\"elementor-column-wrap elementor-element-populated\">\n\t\t\t\t\t\t\t<div class=\"elementor-widget-wrap\">\n\t\t\t\t\t\t<div class=\"elementor-element elementor-element-fb67047 elementor-widget elementor-widget-image\" data-id=\"fb67047\" data-element_type=\"widget\" data-widget_type=\"image.default\">\n\t\t\t\t<div class=\"elementor-widget-container\">\n\t\t\t\t\t\t\t\t<div class=\"elementor-image\">\n\t\t\t\t\t\t\t\t\t\t\t\t<img width=\"300\" height=\"300\" src=\"https:\/\/colegiosanluis.esc.edu.ar\/wp-content\/uploads\/2018\/12\/721c32b3-5619-4288-9349-369ffb261271-300x300.jpg\" class=\"attachment-medium size-medium\" alt=\"\" loading=\"lazy\" srcset=\"https:\/\/colegiosanluis.esc.edu.ar\/wp-content\/uploads\/2018\/12\/721c32b3-5619-4288-9349-369ffb261271-300x300.jpg 300w, https:\/\/colegiosanluis.esc.edu.ar\/wp-content\/uploads\/2018\/12\/721c32b3-5619-4288-9349-369ffb261271-150x150.jpg 150w, https:\/\/colegiosanluis.esc.edu.ar\/wp-content\/uploads\/2018\/12\/721c32b3-5619-4288-9349-369ffb261271-768x768.jpg 768w\" sizes=\"(max-width: 300px) 100vw, 300px\" \/>\t\t\t\t\t\t\t\t\t\t\t\t\t\t<\/div>\n\t\t\t\t\t\t<\/div>\n\t\t\t\t<\/div>\n\t\t\t\t\t\t<\/div>\n\t\t\t\t\t<\/div>\n\t\t<\/div>\n\t\t\t\t\t\t\t\t<\/div>\n\t\t\t\t\t<\/div>\n\t\t<\/section>\n\t\t\t\t<section class=\"elementor-section elementor-top-section elementor-element elementor-element-d937b0b elementor-reverse-tablet elementor-reverse-mobile elementor-section-boxed elementor-section-height-default elementor-section-height-default\" data-id=\"d937b0b\" data-element_type=\"section\">\n\t\t\t\t\t\t<div class=\"elementor-container elementor-column-gap-default\">\n\t\t\t\t\t\t\t<div class=\"elementor-row\">\n\t\t\t\t\t<div class=\"aux-parallax-section elementor-column elementor-col-50 elementor-top-column elementor-element elementor-element-be08047\" data-id=\"be08047\" data-element_type=\"column\">\n\t\t\t<div class=\"elementor-column-wrap elementor-element-populated\">\n\t\t\t\t\t\t\t<div class=\"elementor-widget-wrap\">\n\t\t\t\t\t\t<div class=\"elementor-element elementor-element-184f52b elementor-widget elementor-widget-image\" data-id=\"184f52b\" data-element_type=\"widget\" data-widget_type=\"image.default\">\n\t\t\t\t<div class=\"elementor-widget-container\">\n\t\t\t\t\t\t\t\t<div class=\"elementor-image\">\n\t\t\t\t\t\t\t\t\t\t\t\t<img src=\"https:\/\/colegiosanluis.esc.edu.ar\/wp-content\/uploads\/2023\/06\/1524389846457.jpg\" title=\"\" alt=\"\" \/>\t\t\t\t\t\t\t\t\t\t\t\t\t\t<\/div>\n\t\t\t\t\t\t<\/div>\n\t\t\t\t<\/div>\n\t\t\t\t<div class=\"elementor-element elementor-element-ef431a1 elementor-widget elementor-widget-image\" data-id=\"ef431a1\" data-element_type=\"widget\" data-widget_type=\"image.default\">\n\t\t\t\t<div class=\"elementor-widget-container\">\n\t\t\t\t\t\t\t\t<div class=\"elementor-image\">\n\t\t\t\t\t\t\t\t\t\t\t\t<img width=\"1024\" height=\"960\" src=\"https:\/\/colegiosanluis.esc.edu.ar\/wp-content\/uploads\/2025\/10\/WhatsApp-Image-2025-10-17-at-11.40.06-AM-1024x960.jpeg\" class=\"attachment-large size-large\" alt=\"\" loading=\"lazy\" \/>\t\t\t\t\t\t\t\t\t\t\t\t\t\t<\/div>\n\t\t\t\t\t\t<\/div>\n\t\t\t\t<\/div>\n\t\t\t\t\t\t<\/div>\n\t\t\t\t\t<\/div>\n\t\t<\/div>\n\t\t\t\t<div class=\"aux-parallax-section elementor-column elementor-col-50 elementor-top-column elementor-element elementor-element-6fd60c7\" data-id=\"6fd60c7\" data-element_type=\"column\">\n\t\t\t<div class=\"elementor-column-wrap elementor-element-populated\">\n\t\t\t\t\t\t\t<div class=\"elementor-widget-wrap\">\n\t\t\t\t\t\t<div class=\"elementor-element elementor-element-70540ca elementor-widget elementor-widget-aux_modern_heading\" data-id=\"70540ca\" data-element_type=\"widget\" data-widget_type=\"aux_modern_heading.default\">\n\t\t\t\t<div class=\"elementor-widget-container\">\n\t\t\t<section class=\"aux-widget-modern-heading\">\n            <div class=\"aux-widget-inner\"><h1 class=\"aux-modern-heading-primary\"><b>EX<\/b> ALUMNOS<\/h1><div class=\"aux-modern-heading-divider\"><\/div><div class=\"aux-modern-heading-description\"><p>Tenemos la \u00a0intenci\u00f3n de unir a todos aquellos que en uno u otro momento han pasado por nuestra instituci\u00f3n y han recibido la educaci\u00f3n marista. Por eso, contamos con una asociaci\u00f3n de ex alumnos para organizar actividades, encuentros generacionales y un sinf\u00edn de actividades para mantener unida a la familia del Colegio San Luis.<\/p><\/div><\/div>\n        <\/section>\t\t<\/div>\n\t\t\t\t<\/div>\n\t\t\t\t\t\t<\/div>\n\t\t\t\t\t<\/div>\n\t\t<\/div>\n\t\t\t\t\t\t\t\t<\/div>\n\t\t\t\t\t<\/div>\n\t\t<\/section>\n\t\t\t\t<section class=\"elementor-section elementor-top-section elementor-element elementor-element-eb42818 elementor-section-boxed elementor-section-height-default elementor-section-height-default\" data-id=\"eb42818\" data-element_type=\"section\" id=\"centroeducativo\">\n\t\t\t\t\t\t<div class=\"elementor-container elementor-column-gap-default\">\n\t\t\t\t\t\t\t<div class=\"elementor-row\">\n\t\t\t\t\t<div class=\"aux-parallax-section elementor-column elementor-col-100 elementor-top-column elementor-element elementor-element-809f2cc\" data-id=\"809f2cc\" data-element_type=\"column\">\n\t\t\t<div class=\"elementor-column-wrap elementor-element-populated\">\n\t\t\t\t\t\t\t<div class=\"elementor-widget-wrap\">\n\t\t\t\t\t\t<section class=\"elementor-section elementor-inner-section elementor-element elementor-element-649f914c elementor-section-boxed elementor-section-height-default elementor-section-height-default\" data-id=\"649f914c\" data-element_type=\"section\">\n\t\t\t\t\t\t<div class=\"elementor-container elementor-column-gap-default\">\n\t\t\t\t\t\t\t<div class=\"elementor-row\">\n\t\t\t\t\t<div class=\"aux-parallax-section elementor-column elementor-col-50 elementor-inner-column elementor-element elementor-element-616df35b\" data-id=\"616df35b\" data-element_type=\"column\">\n\t\t\t<div class=\"elementor-column-wrap elementor-element-populated\">\n\t\t\t\t\t\t\t<div class=\"elementor-widget-wrap\">\n\t\t\t\t\t\t<div class=\"elementor-element elementor-element-f855f4a elementor-widget elementor-widget-aux_modern_heading\" data-id=\"f855f4a\" data-element_type=\"widget\" data-widget_type=\"aux_modern_heading.default\">\n\t\t\t\t<div class=\"elementor-widget-container\">\n\t\t\t<section class=\"aux-widget-modern-heading\">\n            <div class=\"aux-widget-inner\"><h1 class=\"aux-modern-heading-primary\">CENTRO <b>EDUCATIVO COMUNITARIO<\/b><\/h1><div class=\"aux-modern-heading-divider\"><\/div><div class=\"aux-modern-heading-description\"><p><strong>\u00bfC\u00d3MO NACIMOS Y QUI\u00c9NES SOMOS?<br \/><\/strong>En el a\u00f1o 1998 se concreta la fundaci\u00f3n de nuestro Centro, un sue\u00f1o anhelado por un grupo de hermanos, ex-alumnos, familias e integrantes del grupo ReMar (Pastoral Juvenil Marista) vinculados al Colegio Marista San Luis.<\/p><\/div><\/div>\n        <\/section>\t\t<\/div>\n\t\t\t\t<\/div>\n\t\t\t\t<div class=\"elementor-element elementor-element-8f5de5d elementor-widget-divider--separator-type-pattern elementor-widget-divider--view-line elementor-widget elementor-widget-divider\" data-id=\"8f5de5d\" data-element_type=\"widget\" data-widget_type=\"divider.default\">\n\t\t\t\t<div class=\"elementor-widget-container\">\n\t\t\t\t\t<div class=\"elementor-divider\" style=\"--divider-pattern-url: url(&quot;data:image\/svg+xml,%3Csvg xmlns=&#039;http:\/\/www.w3.org\/2000\/svg&#039; preserveAspectRatio=&#039;none&#039; overflow=&#039;visible&#039; height=&#039;100%&#039; viewBox=&#039;0 0 20 16&#039; fill=&#039;none&#039; stroke=&#039;black&#039; stroke-width=&#039;1&#039; stroke-linecap=&#039;square&#039; stroke-miterlimit=&#039;10&#039;%3E%3Cg transform=&#039;translate(-12.000000, 0)&#039;%3E%3Cpath d=&#039;M28,0L10,18&#039;\/%3E%3Cpath d=&#039;M18,0L0,18&#039;\/%3E%3Cpath d=&#039;M48,0L30,18&#039;\/%3E%3Cpath d=&#039;M38,0L20,18&#039;\/%3E%3C\/g%3E%3C\/svg%3E&quot;);\">\n\t\t\t<span class=\"elementor-divider-separator\">\n\t\t\t\t\t\t<\/span>\n\t\t<\/div>\n\t\t\t\t<\/div>\n\t\t\t\t<\/div>\n\t\t\t\t<div class=\"elementor-element elementor-element-4437c949 elementor-widget elementor-widget-aux_modern_heading\" data-id=\"4437c949\" data-element_type=\"widget\" data-widget_type=\"aux_modern_heading.default\">\n\t\t\t\t<div class=\"elementor-widget-container\">\n\t\t\t<section class=\"aux-widget-modern-heading\">\n            <div class=\"aux-widget-inner\"><h5 class=\"aux-modern-heading-primary\">NUESTRO NOMBRE<\/h5><div class=\"aux-modern-heading-description\"><ul><li><strong>Centro:<\/strong> a partir del encuentro con los ni\u00f1os y sus familias, nos conformamos como una comunidad de vida y educativa, que ofrece espacios de Presencia Solidaria en el acompa\u00f1amiento del aprendizaje y apoyos en los contenidos de las \u00e1reas m\u00e1s cr\u00edticas de su escolaridad, grupos juveniles y catequesis.<\/li><li><strong>Educativo:<\/strong> entendemos que garantizar el acceso a la educaci\u00f3n, como un derecho de todos, es una de las herramientas m\u00e1s poderosas para promover la inclusi\u00f3n social de los sectores que hoy se encuentran viviendo situaciones de marginalidad social y econ\u00f3mica.<\/li><li><strong>Comunitario:<\/strong> como educadores maristas, creemos que la vida en comunidad nos nutre, alienta y potencia. Apostamos a la creaci\u00f3n de comunidades educativas para lograr entre todos nuestra misi\u00f3n, favoreciendo y potenciando el sentido de pertenencia a la misma.<\/li><\/ul><\/div><\/div>\n        <\/section>\t\t<\/div>\n\t\t\t\t<\/div>\n\t\t\t\t\t\t<\/div>\n\t\t\t\t\t<\/div>\n\t\t<\/div>\n\t\t\t\t<div class=\"aux-parallax-section elementor-column elementor-col-50 elementor-inner-column elementor-element elementor-element-50492426\" data-id=\"50492426\" data-element_type=\"column\">\n\t\t\t<div class=\"elementor-column-wrap elementor-element-populated\">\n\t\t\t\t\t\t\t<div class=\"elementor-widget-wrap\">\n\t\t\t\t\t\t<div class=\"elementor-element elementor-element-48016d7 elementor-widget elementor-widget-aux_modern_heading\" data-id=\"48016d7\" data-element_type=\"widget\" data-widget_type=\"aux_modern_heading.default\">\n\t\t\t\t<div class=\"elementor-widget-container\">\n\t\t\t<section class=\"aux-widget-modern-heading\">\n            <div class=\"aux-widget-inner\"><h5 class=\"aux-modern-heading-primary\">NOS INVOLUCRAMOS<\/h5><div class=\"aux-modern-heading-description\"><p>Mediante el trabajo con los ni\u00f1os, los j\u00f3venes y sus familias, generamos espacios de encuentro, de cuidado, donde la reflexi\u00f3n y el di\u00e1logo permiten el aprendizaje colectivo y cr\u00edtico de nuestras pr\u00e1cticas. Vamos descubriendo que, junto a otros, con alegr\u00eda, \u00e1nimo y esperanza podemos dar respuestas m\u00e1s integrales, de mayor contenci\u00f3n y alcance. As\u00ed nos insertamos en las din\u00e1micas barriales, articulando con otras organizaciones locales, en diferentes niveles, una red de circulaci\u00f3n e intercambio de experiencias y saberes que permitan acceder al patrimonio cultural, social, econ\u00f3mico y pol\u00edtico.<\/p><\/div><\/div>\n        <\/section>\t\t<\/div>\n\t\t\t\t<\/div>\n\t\t\t\t<div class=\"elementor-element elementor-element-2bb171a elementor-widget-divider--separator-type-pattern elementor-widget-divider--view-line elementor-widget elementor-widget-divider\" data-id=\"2bb171a\" data-element_type=\"widget\" data-widget_type=\"divider.default\">\n\t\t\t\t<div class=\"elementor-widget-container\">\n\t\t\t\t\t<div class=\"elementor-divider\" style=\"--divider-pattern-url: url(&quot;data:image\/svg+xml,%3Csvg xmlns=&#039;http:\/\/www.w3.org\/2000\/svg&#039; preserveAspectRatio=&#039;none&#039; overflow=&#039;visible&#039; height=&#039;100%&#039; viewBox=&#039;0 0 20 16&#039; fill=&#039;none&#039; stroke=&#039;black&#039; stroke-width=&#039;1&#039; stroke-linecap=&#039;square&#039; stroke-miterlimit=&#039;10&#039;%3E%3Cg transform=&#039;translate(-12.000000, 0)&#039;%3E%3Cpath d=&#039;M28,0L10,18&#039;\/%3E%3Cpath d=&#039;M18,0L0,18&#039;\/%3E%3Cpath d=&#039;M48,0L30,18&#039;\/%3E%3Cpath d=&#039;M38,0L20,18&#039;\/%3E%3C\/g%3E%3C\/svg%3E&quot;);\">\n\t\t\t<span class=\"elementor-divider-separator\">\n\t\t\t\t\t\t<\/span>\n\t\t<\/div>\n\t\t\t\t<\/div>\n\t\t\t\t<\/div>\n\t\t\t\t<div class=\"elementor-element elementor-element-8d087d1 elementor-widget elementor-widget-aux_modern_heading\" data-id=\"8d087d1\" data-element_type=\"widget\" data-widget_type=\"aux_modern_heading.default\">\n\t\t\t\t<div class=\"elementor-widget-container\">\n\t\t\t<section class=\"aux-widget-modern-heading\">\n            <div class=\"aux-widget-inner\"><h5 class=\"aux-modern-heading-primary\">MARISTAS<\/h5><div class=\"aux-modern-heading-description\"><p>Nuestra presencia se inspira en Marcelino Champagnat, que ense\u00f1\u00f3 y anim\u00f3 a los hermanos a salir a buscar a los ni\u00f1os y j\u00f3venes, sobre todos los m\u00e1s vulnerables, para que tengan la oportunidad de una educaci\u00f3n digna y de conocer a Jesucristo y amarlo. Por ello nosotros tambi\u00e9n salimos a su encuentro, dejando as\u00ed nuestras propias comodidades, con una actitud pedag\u00f3gica nacida del amor a la persona humana y con la decisi\u00f3n de acompa\u00f1ar \u201cla vida\u201d como lugar privilegiado de encuentro. Llevamos el nombre en honor e inspiraci\u00f3n del Hermano Miguel \u00c1ngel Isla, asesinado en Zaire en 1996 junto a los Hermanos Maristas Servando, Julio y Fernando, en su heroica labor de ayuda educativa y evangelizadora entre los refugiados ruandeses.<\/p><\/div><\/div>\n        <\/section>\t\t<\/div>\n\t\t\t\t<\/div>\n\t\t\t\t<div class=\"elementor-element elementor-element-1d83ed elementor-blockquote--skin-border elementor-blockquote--button-color-official elementor-widget elementor-widget-blockquote\" data-id=\"1d83ed\" data-element_type=\"widget\" data-widget_type=\"blockquote.default\">\n\t\t\t\t<div class=\"elementor-widget-container\">\n\t\t\t\t\t<blockquote class=\"elementor-blockquote\">\n\t\t\t<p class=\"elementor-blockquote__content\">\n\t\t\t\tDecimos profundamente convencidos que \u201chemos nacido de una experiencia de solidaridad\u201d\t\t\t<\/p>\n\t\t\t\t\t<\/blockquote>\n\t\t\t\t<\/div>\n\t\t\t\t<\/div>\n\t\t\t\t\t\t<\/div>\n\t\t\t\t\t<\/div>\n\t\t<\/div>\n\t\t\t\t\t\t\t\t<\/div>\n\t\t\t\t\t<\/div>\n\t\t<\/section>\n\t\t\t\t\t\t<\/div>\n\t\t\t\t\t<\/div>\n\t\t<\/div>\n\t\t\t\t\t\t\t\t<\/div>\n\t\t\t\t\t<\/div>\n\t\t<\/section>\n\t\t\t\t\t\t\t\t\t<\/div>\n\t\t\t<\/div>\n\t\t\t\t\t<\/div>\n\t\t","protected":false},"excerpt":{"rendered":"<p>PADRES Nuestra Asociaci\u00f3n de Padres ocupa un lugar destacado dentro de la familia Marista, sumando fuerzas y luchando para que los padres y madres de nuestros alumnos se sigan implicando en la educaci\u00f3n de sus hijos, consolidando la obra educativa del Colegio. La asociaci\u00f3n de padres colabora estrechamente con el Proyecto Educativo Marista y participa [&hellip;]<\/p>\n","protected":false},"author":3,"featured_media":0,"parent":0,"menu_order":0,"comment_status":"closed","ping_status":"closed","template":"","meta":[],"_links":{"self":[{"href":"https:\/\/colegiosanluis.esc.edu.ar\/index.php\/wp-json\/wp\/v2\/pages\/690"}],"collection":[{"href":"https:\/\/colegiosanluis.esc.edu.ar\/index.php\/wp-json\/wp\/v2\/pages"}],"about":[{"href":"https:\/\/colegiosanluis.esc.edu.ar\/index.php\/wp-json\/wp\/v2\/types\/page"}],"author":[{"embeddable":true,"href":"https:\/\/colegiosanluis.esc.edu.ar\/index.php\/wp-json\/wp\/v2\/users\/3"}],"replies":[{"embeddable":true,"href":"https:\/\/colegiosanluis.esc.edu.ar\/index.php\/wp-json\/wp\/v2\/comments?post=690"}],"version-history":[{"count":41,"href":"https:\/\/colegiosanluis.esc.edu.ar\/index.php\/wp-json\/wp\/v2\/pages\/690\/revisions"}],"predecessor-version":[{"id":5733,"href":"https:\/\/colegiosanluis.esc.edu.ar\/index.php\/wp-json\/wp\/v2\/pages\/690\/revisions\/5733"}],"wp:attachment":[{"href":"https:\/\/colegiosanluis.esc.edu.ar\/index.php\/wp-json\/wp\/v2\/media?parent=690"}],"curies":[{"name":"wp","href":"https:\/\/api.w.org\/{rel}","templated":true}]}}