{"id":334,"date":"2019-12-10T15:51:09","date_gmt":"2019-12-10T15:51:09","guid":{"rendered":"http:\/\/colegiosanluis.esc.edu.ar\/?page_id=334"},"modified":"2024-06-11T13:54:15","modified_gmt":"2024-06-11T13:54:15","slug":"infraestructura","status":"publish","type":"page","link":"https:\/\/colegiosanluis.esc.edu.ar\/index.php\/infraestructura\/","title":{"rendered":"INFRAESTRUCTURA"},"content":{"rendered":"\t\t<div data-elementor-type=\"wp-page\" data-elementor-id=\"334\" class=\"elementor elementor-334\">\n\t\t\t\t\t\t<div class=\"elementor-inner\">\n\t\t\t\t<div class=\"elementor-section-wrap\">\n\t\t\t\t\t\t\t\t\t<section class=\"elementor-section elementor-top-section elementor-element elementor-element-11853098 elementor-section-boxed elementor-section-height-default elementor-section-height-default\" data-id=\"11853098\" data-element_type=\"section\">\n\t\t\t\t\t\t<div class=\"elementor-container elementor-column-gap-default\">\n\t\t\t\t\t\t\t<div class=\"elementor-row\">\n\t\t\t\t\t<div class=\"aux-parallax-section elementor-column elementor-col-100 elementor-top-column elementor-element elementor-element-7bee5f9\" data-id=\"7bee5f9\" data-element_type=\"column\">\n\t\t\t<div class=\"elementor-column-wrap elementor-element-populated\">\n\t\t\t\t\t\t\t<div class=\"elementor-widget-wrap\">\n\t\t\t\t\t\t<section class=\"elementor-section elementor-inner-section elementor-element elementor-element-5736caa5 elementor-reverse-mobile elementor-section-boxed elementor-section-height-default elementor-section-height-default\" data-id=\"5736caa5\" data-element_type=\"section\">\n\t\t\t\t\t\t<div class=\"elementor-container elementor-column-gap-default\">\n\t\t\t\t\t\t\t<div class=\"elementor-row\">\n\t\t\t\t\t<div class=\"aux-parallax-section elementor-column elementor-col-50 elementor-inner-column elementor-element elementor-element-2034a359\" data-id=\"2034a359\" data-element_type=\"column\">\n\t\t\t<div class=\"elementor-column-wrap elementor-element-populated\">\n\t\t\t\t\t\t\t<div class=\"elementor-widget-wrap\">\n\t\t\t\t\t\t<div class=\"elementor-element elementor-element-36f7c851 elementor-widget elementor-widget-aux_modern_heading\" data-id=\"36f7c851\" data-element_type=\"widget\" data-widget_type=\"aux_modern_heading.default\">\n\t\t\t\t<div class=\"elementor-widget-container\">\n\t\t\t<section class=\"aux-widget-modern-heading\">\n            <div class=\"aux-widget-inner\"><h2 class=\"aux-modern-heading-primary\"><\/h2><h3 class=\"aux-modern-heading-secondary\"><span class=\"aux-head-before\"> <b>INFRAESTRUCTURA<\/b><\/span><\/h3><div class=\"aux-modern-heading-divider\"><\/div><div class=\"aux-modern-heading-description\"><p>El Colegio Marista San Luis cuenta con todas las instalaciones necesarias para la educaci\u00f3n integral de sus alumnos y alumnas, que aprovechan los diferentes espacios para actividades escolares, culturales, tecnol\u00f3gicas, pastorales, art\u00edsticas, pedag\u00f3gicas y deportivas. Todos los espacios est\u00e1n orientados a favorecer nuestra labor educativa ofreciendo a nuestros estudiantes un entorno acorde para aprender y desarrollarse en los \u00e1mbitos del <strong>Proyecto Educativo Marista<\/strong>.<\/p><\/div><\/div>\n        <\/section>\t\t<\/div>\n\t\t\t\t<\/div>\n\t\t\t\t\t\t<\/div>\n\t\t\t\t\t<\/div>\n\t\t<\/div>\n\t\t\t\t<div class=\"aux-parallax-section elementor-column elementor-col-50 elementor-inner-column elementor-element elementor-element-5b205959\" data-id=\"5b205959\" data-element_type=\"column\">\n\t\t\t<div class=\"elementor-column-wrap elementor-element-populated\">\n\t\t\t\t\t\t\t<div class=\"elementor-widget-wrap\">\n\t\t\t\t\t\t<div class=\"elementor-element elementor-element-88aeb76 elementor-arrows-position-inside elementor-widget elementor-widget-image-carousel\" data-id=\"88aeb76\" data-element_type=\"widget\" data-settings=\"{&quot;slides_to_show&quot;:&quot;1&quot;,&quot;navigation&quot;:&quot;arrows&quot;,&quot;autoplay_speed&quot;:1000,&quot;autoplay&quot;:&quot;yes&quot;,&quot;pause_on_hover&quot;:&quot;yes&quot;,&quot;pause_on_interaction&quot;:&quot;yes&quot;,&quot;infinite&quot;:&quot;yes&quot;,&quot;effect&quot;:&quot;slide&quot;,&quot;speed&quot;:500}\" data-widget_type=\"image-carousel.default\">\n\t\t\t\t<div class=\"elementor-widget-container\">\n\t\t\t\t\t<div class=\"elementor-image-carousel-wrapper swiper-container\" dir=\"ltr\">\n\t\t\t<div class=\"elementor-image-carousel swiper-wrapper swiper-image-stretch\">\n\t\t\t\t\t\t\t\t<div class=\"swiper-slide\"><figure class=\"swiper-slide-inner\"><img class=\"swiper-slide-image\" src=\"https:\/\/colegiosanluis.esc.edu.ar\/wp-content\/uploads\/elementor\/thumbs\/IMG_0999-ohyyie00eqxyekn8i131n6gqvatvf128f1e8kv3x5g.jpg\" alt=\"IMG_0999\" \/><\/figure><\/div><div class=\"swiper-slide\"><figure class=\"swiper-slide-inner\"><img class=\"swiper-slide-image\" src=\"https:\/\/colegiosanluis.esc.edu.ar\/wp-content\/uploads\/elementor\/thumbs\/IMG_0988-ohyyi8cz9qq8gwvfeyna87vzazlo4ufue9hbp7ca6s.jpg\" alt=\"IMG_0988\" \/><\/figure><\/div><div class=\"swiper-slide\"><figure class=\"swiper-slide-inner\"><img class=\"swiper-slide-image\" src=\"https:\/\/colegiosanluis.esc.edu.ar\/wp-content\/uploads\/elementor\/thumbs\/IMG_20210924_111309-pfh8udoxfahi2ggn9atc99c8gdkizj7yh63z5lgiac.jpg\" alt=\"IMG_20210924_111309\" \/><\/figure><\/div><div class=\"swiper-slide\"><figure class=\"swiper-slide-inner\"><img class=\"swiper-slide-image\" src=\"https:\/\/colegiosanluis.esc.edu.ar\/wp-content\/uploads\/elementor\/thumbs\/IMG_20210924_111044-pfh8u8zqh4b2genh0qs7esixhg7ox1pasiujr7nh5g.jpg\" alt=\"IMG_20210924_111044\" \/><\/figure><\/div><div class=\"swiper-slide\"><figure class=\"swiper-slide-inner\"><img class=\"swiper-slide-image\" src=\"https:\/\/colegiosanluis.esc.edu.ar\/wp-content\/uploads\/elementor\/thumbs\/IMG_20201126_084822-scaled-q7wldy65x1uoe4fvvsn6hryv4eyuc4rykk7im16bo4.jpg\" alt=\"IMG_20201126_084822\" \/><\/figure><\/div><div class=\"swiper-slide\"><figure class=\"swiper-slide-inner\"><img class=\"swiper-slide-image\" src=\"https:\/\/colegiosanluis.esc.edu.ar\/wp-content\/uploads\/elementor\/thumbs\/IMG-20210827-WA0003-pc8imoo22lzkp0nrfbilznvz4xxjo8bfs75ayjdc44.jpg\" alt=\"IMG-20210827-WA0003\" \/><\/figure><\/div><div class=\"swiper-slide\"><figure class=\"swiper-slide-inner\"><img class=\"swiper-slide-image\" src=\"https:\/\/colegiosanluis.esc.edu.ar\/wp-content\/uploads\/elementor\/thumbs\/IMG-20210827-WA0001-pc8im4xg338jx7gfmkzg1avanumu6l52phg3vq6lqs.jpg\" alt=\"IMG-20210827-WA0001\" \/><\/figure><\/div><div class=\"swiper-slide\"><figure class=\"swiper-slide-inner\"><img class=\"swiper-slide-image\" src=\"https:\/\/colegiosanluis.esc.edu.ar\/wp-content\/uploads\/elementor\/thumbs\/IMG_0793-ohyyjbu78s8a0ja30fpm4xxc967344skjovputpqxg.jpg\" alt=\"IMG_0793\" \/><\/figure><\/div><div class=\"swiper-slide\"><figure class=\"swiper-slide-inner\"><img class=\"swiper-slide-image\" src=\"https:\/\/colegiosanluis.esc.edu.ar\/wp-content\/uploads\/elementor\/thumbs\/IMG-20210831-WA0018-pfh94btfr63qxw0g63m758yus6jdg7pouenz00pifo.jpg\" alt=\"IMG-20210831-WA0018\" \/><\/figure><\/div><div class=\"swiper-slide\"><figure class=\"swiper-slide-inner\"><img class=\"swiper-slide-image\" src=\"https:\/\/colegiosanluis.esc.edu.ar\/wp-content\/uploads\/elementor\/thumbs\/218556549_10223380920302655_5901066975192115724_n-pa7hdvyux1g00p4na4lbxytjplirv19uwckt0u0l90.jpg\" alt=\"218556549_10223380920302655_5901066975192115724_n\" \/><\/figure><\/div><div class=\"swiper-slide\"><figure class=\"swiper-slide-inner\"><img class=\"swiper-slide-image\" src=\"https:\/\/colegiosanluis.esc.edu.ar\/wp-content\/uploads\/elementor\/thumbs\/IMG_20210901_194550-scaled-pfh94822ztylng5ws1zov9x0en1wlfarhw212wv34k.jpg\" alt=\"IMG_20210901_194550\" \/><\/figure><\/div><div class=\"swiper-slide\"><figure class=\"swiper-slide-inner\"><img class=\"swiper-slide-image\" src=\"https:\/\/colegiosanluis.esc.edu.ar\/wp-content\/uploads\/elementor\/thumbs\/IMG-20210831-WA0017-pfh94avlkc2gma1tbl7kkr7e6so08ilyia0hiqqwlw.jpg\" alt=\"IMG-20210831-WA0017\" \/><\/figure><\/div><div class=\"swiper-slide\"><figure class=\"swiper-slide-inner\"><img class=\"swiper-slide-image\" src=\"https:\/\/colegiosanluis.esc.edu.ar\/wp-content\/uploads\/elementor\/thumbs\/IMG_0752-ohyyj82uhg34q3fjme33uyvhvmpm9cdn769rxpvbmc.jpg\" alt=\"IMG_0752\" \/><\/figure><\/div><div class=\"swiper-slide\"><figure class=\"swiper-slide-inner\"><img class=\"swiper-slide-image\" src=\"https:\/\/colegiosanluis.esc.edu.ar\/wp-content\/uploads\/elementor\/thumbs\/20191026_092634-scaled-pfh98rm0106hrlkc90orx4n7ronrsrc24dkil24l1w.jpg\" alt=\"20191026_092634\" \/><\/figure><\/div><div class=\"swiper-slide\"><figure class=\"swiper-slide-inner\"><img class=\"swiper-slide-image\" src=\"https:\/\/colegiosanluis.esc.edu.ar\/wp-content\/uploads\/elementor\/thumbs\/20191026_092529-1-scaled-pfh98fe3k5prko238demipq81oc00ozjqp37cgmpas.jpg\" alt=\"20191026_092529\" \/><\/figure><\/div><div class=\"swiper-slide\"><figure class=\"swiper-slide-inner\"><img class=\"swiper-slide-image\" src=\"https:\/\/colegiosanluis.esc.edu.ar\/wp-content\/uploads\/elementor\/thumbs\/20191026_092547-scaled-pfh98lyyvzyrtxsj5y90i62g7dfkikpo3lnlpecy38.jpg\" alt=\"20191026_092547\" \/><\/figure><\/div><div class=\"swiper-slide\"><figure class=\"swiper-slide-inner\"><img class=\"swiper-slide-image\" src=\"https:\/\/colegiosanluis.esc.edu.ar\/wp-content\/uploads\/elementor\/thumbs\/IMG-20211108-WA0155-q7y86qpotjky8pojash5nm0mulkcpkaplpo9qul384.jpg\" alt=\"IMG-20211108-WA0155\" \/><\/figure><\/div><div class=\"swiper-slide\"><figure class=\"swiper-slide-inner\"><img class=\"swiper-slide-image\" src=\"https:\/\/colegiosanluis.esc.edu.ar\/wp-content\/uploads\/elementor\/thumbs\/IMG-20211108-WA0156-q7y86rnj0dm8kbn65avs83s3fzfpx9efxubr84jp1w.jpg\" alt=\"IMG-20211108-WA0156\" \/><\/figure><\/div><div class=\"swiper-slide\"><figure class=\"swiper-slide-inner\"><img class=\"swiper-slide-image\" src=\"https:\/\/colegiosanluis.esc.edu.ar\/wp-content\/uploads\/elementor\/thumbs\/IMG-20211108-WA0157-q7y86tj7e1ot7jkfubp1d3b0mr6gcnlwm3mq6ogwpg.jpg\" alt=\"IMG-20211108-WA0157\" \/><\/figure><\/div><div class=\"swiper-slide\"><figure class=\"swiper-slide-inner\"><img class=\"swiper-slide-image\" src=\"https:\/\/colegiosanluis.esc.edu.ar\/wp-content\/uploads\/elementor\/thumbs\/IMG-20211108-WA0158-q7y86uh1kvq3j5j2ou3nxl2h851tkcpmy8a7nyfij8.jpg\" alt=\"IMG-20211108-WA0158\" \/><\/figure><\/div><div class=\"swiper-slide\"><figure class=\"swiper-slide-inner\"><img class=\"swiper-slide-image\" src=\"https:\/\/colegiosanluis.esc.edu.ar\/wp-content\/uploads\/elementor\/thumbs\/0014038-scaled-qpi7jc2jrfcyerwgs1utujvf8faut0fsbv034v2lqs.jpg\" alt=\"_0014038\" \/><\/figure><\/div>\t\t\t<\/div>\n\t\t\t\t\t\t\t\t\t\t\t\t\t\t\t\t<div class=\"elementor-swiper-button elementor-swiper-button-prev\">\n\t\t\t\t\t\t<i aria-hidden=\"true\" class=\"eicon-chevron-left\"><\/i>\t\t\t\t\t\t<span class=\"elementor-screen-only\">Anterior<\/span>\n\t\t\t\t\t<\/div>\n\t\t\t\t\t<div class=\"elementor-swiper-button elementor-swiper-button-next\">\n\t\t\t\t\t\t<i aria-hidden=\"true\" class=\"eicon-chevron-right\"><\/i>\t\t\t\t\t\t<span class=\"elementor-screen-only\">Siguiente<\/span>\n\t\t\t\t\t<\/div>\n\t\t\t\t\t\t\t\t\t<\/div>\n\t\t\t\t<\/div>\n\t\t\t\t<\/div>\n\t\t\t\t\t\t<\/div>\n\t\t\t\t\t<\/div>\n\t\t<\/div>\n\t\t\t\t\t\t\t\t<\/div>\n\t\t\t\t\t<\/div>\n\t\t<\/section>\n\t\t\t\t\t\t<\/div>\n\t\t\t\t\t<\/div>\n\t\t<\/div>\n\t\t\t\t\t\t\t\t<\/div>\n\t\t\t\t\t<\/div>\n\t\t<\/section>\n\t\t\t\t\t\t\t\t\t<\/div>\n\t\t\t<\/div>\n\t\t\t\t\t<\/div>\n\t\t","protected":false},"excerpt":{"rendered":"<p>INFRAESTRUCTURA El Colegio Marista San Luis cuenta con todas las instalaciones necesarias para la educaci\u00f3n integral de sus alumnos y alumnas, que aprovechan los diferentes espacios para actividades escolares, culturales, tecnol\u00f3gicas, pastorales, art\u00edsticas, pedag\u00f3gicas y deportivas. Todos los espacios est\u00e1n orientados a favorecer nuestra labor educativa ofreciendo a nuestros estudiantes un entorno acorde para aprender [&hellip;]<\/p>\n","protected":false},"author":3,"featured_media":0,"parent":0,"menu_order":0,"comment_status":"closed","ping_status":"closed","template":"","meta":[],"_links":{"self":[{"href":"https:\/\/colegiosanluis.esc.edu.ar\/index.php\/wp-json\/wp\/v2\/pages\/334"}],"collection":[{"href":"https:\/\/colegiosanluis.esc.edu.ar\/index.php\/wp-json\/wp\/v2\/pages"}],"about":[{"href":"https:\/\/colegiosanluis.esc.edu.ar\/index.php\/wp-json\/wp\/v2\/types\/page"}],"author":[{"embeddable":true,"href":"https:\/\/colegiosanluis.esc.edu.ar\/index.php\/wp-json\/wp\/v2\/users\/3"}],"replies":[{"embeddable":true,"href":"https:\/\/colegiosanluis.esc.edu.ar\/index.php\/wp-json\/wp\/v2\/comments?post=334"}],"version-history":[{"count":26,"href":"https:\/\/colegiosanluis.esc.edu.ar\/index.php\/wp-json\/wp\/v2\/pages\/334\/revisions"}],"predecessor-version":[{"id":4286,"href":"https:\/\/colegiosanluis.esc.edu.ar\/index.php\/wp-json\/wp\/v2\/pages\/334\/revisions\/4286"}],"wp:attachment":[{"href":"https:\/\/colegiosanluis.esc.edu.ar\/index.php\/wp-json\/wp\/v2\/media?parent=334"}],"curies":[{"name":"wp","href":"https:\/\/api.w.org\/{rel}","templated":true}]}}