{"id":208,"date":"2019-12-06T15:16:59","date_gmt":"2019-12-06T15:16:59","guid":{"rendered":"http:\/\/colegiosanluis.esc.edu.ar\/?page_id=208"},"modified":"2021-11-03T13:47:37","modified_gmt":"2021-11-03T13:47:37","slug":"niveles","status":"publish","type":"page","link":"https:\/\/colegiosanluis.esc.edu.ar\/index.php\/niveles\/","title":{"rendered":"NIVELES"},"content":{"rendered":"\t\t<div data-elementor-type=\"wp-page\" data-elementor-id=\"208\" class=\"elementor elementor-208\">\n\t\t\t\t\t\t<div class=\"elementor-inner\">\n\t\t\t\t<div class=\"elementor-section-wrap\">\n\t\t\t\t\t\t\t\t\t<section class=\"elementor-section elementor-top-section elementor-element elementor-element-f89eb8f elementor-section-boxed elementor-section-height-default elementor-section-height-default\" data-id=\"f89eb8f\" data-element_type=\"section\">\n\t\t\t\t\t\t<div class=\"elementor-container elementor-column-gap-default\">\n\t\t\t\t\t\t\t<div class=\"elementor-row\">\n\t\t\t\t\t<div class=\"aux-parallax-section elementor-column elementor-col-100 elementor-top-column elementor-element elementor-element-63905ff\" data-id=\"63905ff\" data-element_type=\"column\">\n\t\t\t<div class=\"elementor-column-wrap elementor-element-populated\">\n\t\t\t\t\t\t\t<div class=\"elementor-widget-wrap\">\n\t\t\t\t\t\t<div class=\"elementor-element elementor-element-b3d77f3 elementor-blockquote--skin-border elementor-blockquote--button-color-official elementor-widget elementor-widget-blockquote\" data-id=\"b3d77f3\" data-element_type=\"widget\" data-widget_type=\"blockquote.default\">\n\t\t\t\t<div class=\"elementor-widget-container\">\n\t\t\t\t\t<blockquote class=\"elementor-blockquote\">\n\t\t\t<p class=\"elementor-blockquote__content\">\n\t\t\t\tEl <b>colegio San Luis<\/b> es un centro educativo privado <b>Marista y Cat\u00f3lico<\/b> de Nivel Inicial, Primario y Secundario, con m\u00e1s de cien a\u00f1os de historia en la <b>Ciudad de La Plata<\/b>.\t\t\t<\/p>\n\t\t\t\t\t<\/blockquote>\n\t\t\t\t<\/div>\n\t\t\t\t<\/div>\n\t\t\t\t\t\t<\/div>\n\t\t\t\t\t<\/div>\n\t\t<\/div>\n\t\t\t\t\t\t\t\t<\/div>\n\t\t\t\t\t<\/div>\n\t\t<\/section>\n\t\t\t\t<section class=\"elementor-section elementor-top-section elementor-element elementor-element-15d1106 elementor-section-boxed elementor-section-height-default elementor-section-height-default\" data-id=\"15d1106\" data-element_type=\"section\">\n\t\t\t\t\t\t<div class=\"elementor-container elementor-column-gap-default\">\n\t\t\t\t\t\t\t<div class=\"elementor-row\">\n\t\t\t\t\t<div class=\"aux-parallax-section elementor-column elementor-col-50 elementor-top-column elementor-element elementor-element-11c9e75\" data-id=\"11c9e75\" data-element_type=\"column\">\n\t\t\t<div class=\"elementor-column-wrap elementor-element-populated\">\n\t\t\t\t\t\t\t<div class=\"elementor-widget-wrap\">\n\t\t\t\t\t\t<div class=\"elementor-element elementor-element-f584485 elementor-widget elementor-widget-text-editor\" data-id=\"f584485\" data-element_type=\"widget\" data-widget_type=\"text-editor.default\">\n\t\t\t\t<div class=\"elementor-widget-container\">\n\t\t\t\t\t\t\t\t<div class=\"elementor-text-editor elementor-clearfix\">\n\t\t\t\t<p>Educamos alumnos para la vida. Educamos guiados por la impronta de la pedagog\u00eda marista de Marcelino Champagnat con el objetivo de formar buenos cristianos y honrados ciudadanos.<\/p>\t\t\t\t\t<\/div>\n\t\t\t\t\t\t<\/div>\n\t\t\t\t<\/div>\n\t\t\t\t\t\t<\/div>\n\t\t\t\t\t<\/div>\n\t\t<\/div>\n\t\t\t\t<div class=\"aux-parallax-section elementor-column elementor-col-50 elementor-top-column elementor-element elementor-element-411ea08\" data-id=\"411ea08\" data-element_type=\"column\">\n\t\t\t<div class=\"elementor-column-wrap elementor-element-populated\">\n\t\t\t\t\t\t\t<div class=\"elementor-widget-wrap\">\n\t\t\t\t\t\t<div class=\"elementor-element elementor-element-bb3662e elementor-widget elementor-widget-text-editor\" data-id=\"bb3662e\" data-element_type=\"widget\" data-widget_type=\"text-editor.default\">\n\t\t\t\t<div class=\"elementor-widget-container\">\n\t\t\t\t\t\t\t\t<div class=\"elementor-text-editor elementor-clearfix\">\n\t\t\t\t<p>Nuestro proyecto educativo de Nivel Inicial, Primario y Secundario se basa en los pilares del compromiso, la sencillez, el amor, el trabajo, la excelencia y la presencia con todos los alumnos de la instituci\u00f3n.<\/p>\t\t\t\t\t<\/div>\n\t\t\t\t\t\t<\/div>\n\t\t\t\t<\/div>\n\t\t\t\t\t\t<\/div>\n\t\t\t\t\t<\/div>\n\t\t<\/div>\n\t\t\t\t\t\t\t\t<\/div>\n\t\t\t\t\t<\/div>\n\t\t<\/section>\n\t\t\t\t<section class=\"elementor-section elementor-top-section elementor-element elementor-element-778916d elementor-section-boxed elementor-section-height-default elementor-section-height-default\" data-id=\"778916d\" data-element_type=\"section\">\n\t\t\t\t\t\t<div class=\"elementor-container elementor-column-gap-default\">\n\t\t\t\t\t\t\t<div class=\"elementor-row\">\n\t\t\t\t\t<div class=\"aux-parallax-section elementor-column elementor-col-33 elementor-top-column elementor-element elementor-element-cf346f5\" data-id=\"cf346f5\" data-element_type=\"column\">\n\t\t\t<div class=\"elementor-column-wrap elementor-element-populated\">\n\t\t\t\t\t\t\t<div class=\"elementor-widget-wrap\">\n\t\t\t\t\t\t<div class=\"elementor-element elementor-element-d35c075 elementor-widget elementor-widget-aux_modern_heading\" data-id=\"d35c075\" data-element_type=\"widget\" data-widget_type=\"aux_modern_heading.default\">\n\t\t\t\t<div class=\"elementor-widget-container\">\n\t\t\t<section class=\"aux-widget-modern-heading\">\n            <div class=\"aux-widget-inner\"><h2 class=\"aux-modern-heading-primary\"><\/h2><a href=\"https:\/\/colegiosanluis.esc.edu.ar\/index.php\/inicial\/\" class=\"aux-modern-heading-secondary-link\"><h3 class=\"aux-modern-heading-secondary\"><span class=\"aux-head-before\">NIVEL INICIAL<\/span><\/h3><\/a><div class=\"aux-modern-heading-description\"><p>El jard\u00edn de infantes ocupa un lugar privilegiado en la vida de los ni\u00f1os ya que all\u00ed pueden desplegar sus posibilidades, aprender y desarrollar su pensamiento, imaginaci\u00f3n y creatividad.<br \/><br \/><\/p><\/div><\/div>\n        <\/section>\t\t<\/div>\n\t\t\t\t<\/div>\n\t\t\t\t<div class=\"elementor-element elementor-element-dda738c elementor-widget elementor-widget-aux_simple_svg\" data-id=\"dda738c\" data-element_type=\"widget\" data-widget_type=\"aux_simple_svg.default\">\n\t\t\t\t<div class=\"elementor-widget-container\">\n\t\t\t    <div class=\"aux-widget-container aux-simple-svg-container\">\n        <div class=\"aux-widget-container-inner\">\n            <div class=\"aux-the-svg\"><img src=\"https:\/\/colegiosanluis.esc.edu.ar\/wp-content\/uploads\/2019\/12\/1_niveles.svg\" title=\"1_niveles\" alt=\"1_niveles\" \/><\/div>\n        <\/div>\n    <\/div>\n    \t\t<\/div>\n\t\t\t\t<\/div>\n\t\t\t\t\t\t<\/div>\n\t\t\t\t\t<\/div>\n\t\t<\/div>\n\t\t\t\t<div class=\"aux-parallax-section elementor-column elementor-col-33 elementor-top-column elementor-element elementor-element-ce6057f\" data-id=\"ce6057f\" data-element_type=\"column\">\n\t\t\t<div class=\"elementor-column-wrap elementor-element-populated\">\n\t\t\t\t\t\t\t<div class=\"elementor-widget-wrap\">\n\t\t\t\t\t\t<div class=\"elementor-element elementor-element-cfd37ae elementor-widget elementor-widget-aux_modern_heading\" data-id=\"cfd37ae\" data-element_type=\"widget\" data-widget_type=\"aux_modern_heading.default\">\n\t\t\t\t<div class=\"elementor-widget-container\">\n\t\t\t<section class=\"aux-widget-modern-heading\">\n            <div class=\"aux-widget-inner\"><h2 class=\"aux-modern-heading-primary\"><\/h2><a href=\"https:\/\/colegiosanluis.esc.edu.ar\/index.php\/nivel-primario\/\" class=\"aux-modern-heading-secondary-link\"><h3 class=\"aux-modern-heading-secondary\"><span class=\"aux-head-before\">NIVEL PRIMARIO<\/span><\/h3><\/a><div class=\"aux-modern-heading-description\"><p>Nuestra propuesta educativa est\u00e1 enmarcada en la pedagog\u00eda marista, formando personas para la vida, promoviendo una educaci\u00f3n integral.<br \/><br \/><\/p><\/div><\/div>\n        <\/section>\t\t<\/div>\n\t\t\t\t<\/div>\n\t\t\t\t<div class=\"elementor-element elementor-element-112ffbe elementor-widget elementor-widget-aux_simple_svg\" data-id=\"112ffbe\" data-element_type=\"widget\" data-widget_type=\"aux_simple_svg.default\">\n\t\t\t\t<div class=\"elementor-widget-container\">\n\t\t\t    <div class=\"aux-widget-container aux-simple-svg-container\">\n        <div class=\"aux-widget-container-inner\">\n            <div class=\"aux-the-svg\"><img src=\"https:\/\/colegiosanluis.esc.edu.ar\/wp-content\/uploads\/2019\/12\/2_niveles.svg\" title=\"2_niveles\" alt=\"2_niveles\" \/><\/div>\n        <\/div>\n    <\/div>\n    \t\t<\/div>\n\t\t\t\t<\/div>\n\t\t\t\t\t\t<\/div>\n\t\t\t\t\t<\/div>\n\t\t<\/div>\n\t\t\t\t<div class=\"aux-parallax-section elementor-column elementor-col-33 elementor-top-column elementor-element elementor-element-d2918da\" data-id=\"d2918da\" data-element_type=\"column\">\n\t\t\t<div class=\"elementor-column-wrap elementor-element-populated\">\n\t\t\t\t\t\t\t<div class=\"elementor-widget-wrap\">\n\t\t\t\t\t\t<div class=\"elementor-element elementor-element-a09f106 elementor-widget elementor-widget-aux_modern_heading\" data-id=\"a09f106\" data-element_type=\"widget\" data-widget_type=\"aux_modern_heading.default\">\n\t\t\t\t<div class=\"elementor-widget-container\">\n\t\t\t<section class=\"aux-widget-modern-heading\">\n            <div class=\"aux-widget-inner\"><h2 class=\"aux-modern-heading-primary\"><\/h2><a href=\"https:\/\/colegiosanluis.esc.edu.ar\/index.php\/nivel-secundario\/\" class=\"aux-modern-heading-secondary-link\"><h3 class=\"aux-modern-heading-secondary\"><span class=\"aux-head-before\">NIVEL SECUNDARIO<\/span><\/h3><\/a><div class=\"aux-modern-heading-description\"><p>Nuestro estilo educativo Marista busca ayudar a los j\u00f3venes a crecer en libertad personal a trav\u00e9s de un di\u00e1logo con la vida que los ponga en relaci\u00f3n con la palabra de Dios y el Esp\u00edritu que act\u00faa en sus corazones.<\/p><\/div><\/div>\n        <\/section>\t\t<\/div>\n\t\t\t\t<\/div>\n\t\t\t\t<div class=\"elementor-element elementor-element-783a0f3 elementor-widget elementor-widget-aux_simple_svg\" data-id=\"783a0f3\" data-element_type=\"widget\" data-widget_type=\"aux_simple_svg.default\">\n\t\t\t\t<div class=\"elementor-widget-container\">\n\t\t\t    <div class=\"aux-widget-container aux-simple-svg-container\">\n        <div class=\"aux-widget-container-inner\">\n            <div class=\"aux-the-svg\"><img src=\"https:\/\/colegiosanluis.esc.edu.ar\/wp-content\/uploads\/2019\/12\/3_niveles.svg\" title=\"3_niveles\" alt=\"3_niveles\" \/><\/div>\n        <\/div>\n    <\/div>\n    \t\t<\/div>\n\t\t\t\t<\/div>\n\t\t\t\t\t\t<\/div>\n\t\t\t\t\t<\/div>\n\t\t<\/div>\n\t\t\t\t\t\t\t\t<\/div>\n\t\t\t\t\t<\/div>\n\t\t<\/section>\n\t\t\t\t<section class=\"elementor-section elementor-top-section elementor-element elementor-element-30fd2fd elementor-section-boxed elementor-section-height-default elementor-section-height-default\" data-id=\"30fd2fd\" data-element_type=\"section\">\n\t\t\t\t\t\t<div class=\"elementor-container elementor-column-gap-default\">\n\t\t\t\t\t\t\t<div class=\"elementor-row\">\n\t\t\t\t\t<div class=\"aux-parallax-section elementor-column elementor-col-100 elementor-top-column elementor-element elementor-element-442d797\" data-id=\"442d797\" data-element_type=\"column\">\n\t\t\t<div class=\"elementor-column-wrap elementor-element-populated\">\n\t\t\t\t\t\t\t<div class=\"elementor-widget-wrap\">\n\t\t\t\t\t\t<div class=\"elementor-element elementor-element-a40c0fa elementor-button-info elementor-align-center elementor-widget elementor-widget-button\" data-id=\"a40c0fa\" data-element_type=\"widget\" data-widget_type=\"button.default\">\n\t\t\t\t<div class=\"elementor-widget-container\">\n\t\t\t\t\t<div class=\"elementor-button-wrapper\">\n\t\t\t<a href=\"https:\/\/colegiosanluis.esc.edu.ar\/wp-content\/uploads\/2018\/12\/Maristas_Triptico.pdf\" target=\"_blank\" class=\"elementor-button-link elementor-button elementor-size-md\" role=\"button\">\n\t\t\t\t\t\t<span class=\"elementor-button-content-wrapper\">\n\t\t\t\t\t\t\t<span class=\"elementor-button-icon elementor-align-icon-left\">\n\t\t\t\t<i aria-hidden=\"true\" class=\"fas fa-download\"><\/i>\t\t\t<\/span>\n\t\t\t\t\t\t<span class=\"elementor-button-text\">DESCARGAR FOLLETO<\/span>\n\t\t<\/span>\n\t\t\t\t\t<\/a>\n\t\t<\/div>\n\t\t\t\t<\/div>\n\t\t\t\t<\/div>\n\t\t\t\t\t\t<\/div>\n\t\t\t\t\t<\/div>\n\t\t<\/div>\n\t\t\t\t\t\t\t\t<\/div>\n\t\t\t\t\t<\/div>\n\t\t<\/section>\n\t\t\t\t<section class=\"elementor-section elementor-top-section elementor-element elementor-element-c7ae87a elementor-section-boxed elementor-section-height-default elementor-section-height-default\" data-id=\"c7ae87a\" data-element_type=\"section\">\n\t\t\t\t\t\t<div class=\"elementor-container elementor-column-gap-default\">\n\t\t\t\t\t\t\t<div class=\"elementor-row\">\n\t\t\t\t\t<div class=\"aux-parallax-section elementor-column elementor-col-100 elementor-top-column elementor-element elementor-element-71bfdc9\" data-id=\"71bfdc9\" data-element_type=\"column\">\n\t\t\t<div class=\"elementor-column-wrap elementor-element-populated\">\n\t\t\t\t\t\t\t<div class=\"elementor-widget-wrap\">\n\t\t\t\t\t\t<div class=\"elementor-element elementor-element-6bf4fbb elementor-blockquote--skin-border elementor-blockquote--button-color-official elementor-widget elementor-widget-blockquote\" data-id=\"6bf4fbb\" data-element_type=\"widget\" data-widget_type=\"blockquote.default\">\n\t\t\t\t<div class=\"elementor-widget-container\">\n\t\t\t\t\t<blockquote class=\"elementor-blockquote\">\n\t\t\t<p class=\"elementor-blockquote__content\">\n\t\t\t\t<b>Formamos alumnos<\/b> acad\u00e9micamente preparados que lleguen a ser <b>ciudadanos cultos, honrados<\/b> y con capacidad de liderar cualquier actividad.\t\t\t<\/p>\n\t\t\t\t\t<\/blockquote>\n\t\t\t\t<\/div>\n\t\t\t\t<\/div>\n\t\t\t\t\t\t<\/div>\n\t\t\t\t\t<\/div>\n\t\t<\/div>\n\t\t\t\t\t\t\t\t<\/div>\n\t\t\t\t\t<\/div>\n\t\t<\/section>\n\t\t\t\t\t\t\t\t\t<\/div>\n\t\t\t<\/div>\n\t\t\t\t\t<\/div>\n\t\t","protected":false},"excerpt":{"rendered":"<p>El colegio San Luis es un centro educativo privado Marista y Cat\u00f3lico de Nivel Inicial, Primario y Secundario, con m\u00e1s de cien a\u00f1os de historia en la Ciudad de La Plata. Educamos alumnos para la vida. Educamos guiados por la impronta de la pedagog\u00eda marista de Marcelino Champagnat con el objetivo de formar buenos cristianos [&hellip;]<\/p>\n","protected":false},"author":3,"featured_media":0,"parent":0,"menu_order":0,"comment_status":"closed","ping_status":"closed","template":"","meta":[],"_links":{"self":[{"href":"https:\/\/colegiosanluis.esc.edu.ar\/index.php\/wp-json\/wp\/v2\/pages\/208"}],"collection":[{"href":"https:\/\/colegiosanluis.esc.edu.ar\/index.php\/wp-json\/wp\/v2\/pages"}],"about":[{"href":"https:\/\/colegiosanluis.esc.edu.ar\/index.php\/wp-json\/wp\/v2\/types\/page"}],"author":[{"embeddable":true,"href":"https:\/\/colegiosanluis.esc.edu.ar\/index.php\/wp-json\/wp\/v2\/users\/3"}],"replies":[{"embeddable":true,"href":"https:\/\/colegiosanluis.esc.edu.ar\/index.php\/wp-json\/wp\/v2\/comments?post=208"}],"version-history":[{"count":39,"href":"https:\/\/colegiosanluis.esc.edu.ar\/index.php\/wp-json\/wp\/v2\/pages\/208\/revisions"}],"predecessor-version":[{"id":2276,"href":"https:\/\/colegiosanluis.esc.edu.ar\/index.php\/wp-json\/wp\/v2\/pages\/208\/revisions\/2276"}],"wp:attachment":[{"href":"https:\/\/colegiosanluis.esc.edu.ar\/index.php\/wp-json\/wp\/v2\/media?parent=208"}],"curies":[{"name":"wp","href":"https:\/\/api.w.org\/{rel}","templated":true}]}}